{"id":163,"date":"2025-12-17T10:52:23","date_gmt":"2025-12-17T15:52:23","guid":{"rendered":"https:\/\/cxopartner.co\/?page_id=163"},"modified":"2025-12-17T10:53:15","modified_gmt":"2025-12-17T15:53:15","slug":"cio","status":"publish","type":"page","link":"https:\/\/cxopartner.co\/?page_id=163","title":{"rendered":"CIO"},"content":{"rendered":"\t\t<div data-elementor-type=\"wp-page\" data-elementor-id=\"163\" class=\"elementor elementor-163\">\n\t\t\t\t<div class=\"elementor-element elementor-element-c090186 e-flex e-con-boxed e-con e-parent\" data-id=\"c090186\" data-element_type=\"container\" data-e-type=\"container\">\n\t\t\t\t\t<div class=\"e-con-inner\">\n\t\t\t\t<div class=\"elementor-element elementor-element-d8978c3 elementor-widget elementor-widget-text-editor\" data-id=\"d8978c3\" data-element_type=\"widget\" data-e-type=\"widget\" data-widget_type=\"text-editor.default\">\n\t\t\t\t\t\t\t\t\t<div id=\"features-10\" class=\"features-16-card-bordered content-section content-section-spacing\" style=\"background-color: #ffffff;\" data-label=\"Features\" data-id=\"features-16-card-bordered\" data-export-id=\"features-16-card-bordered\" data-category=\"features\">\n<div class=\"gridContainer\">\n<div class=\"row text-center\">\n<div class=\"section-title-col\" data-type=\"column\">\n<h2 class=\"\">CIO\u2026<\/h2>\n<p class=\"lead\">El CIO asegura que la tecnolog\u00eda sea un habilitador estrat\u00e9gico del negocio.  CXO Partner ofrece una Direcci\u00f3n de Tecnol\u00f3gica integral para PyMEs que necesitan estructurar, modernizar y alinear TI con la estrategia empresarial.<\/p>\n<\/div>\n<\/div>\n<\/div>\n<\/div>\t\t\t\t\t\t\t\t<\/div>\n\t\t\t\t\t<\/div>\n\t\t\t\t<\/div>\n\t\t\t\t<\/div>\n\t\t","protected":false},"excerpt":{"rendered":"<p>CIO\u2026 El CIO asegura que la tecnolog\u00eda sea un habilitador estrat\u00e9gico del negocio. CXO Partner ofrece una Direcci\u00f3n de Tecnol\u00f3gica integral para PyMEs que necesitan estructurar, modernizar y alinear TI con la estrategia empresarial.<\/p>\n","protected":false},"author":1,"featured_media":0,"parent":0,"menu_order":0,"comment_status":"closed","ping_status":"closed","template":"","meta":{"footnotes":""},"class_list":["post-163","page","type-page","status-publish","hentry"],"_links":{"self":[{"href":"https:\/\/cxopartner.co\/index.php?rest_route=\/wp\/v2\/pages\/163","targetHints":{"allow":["GET"]}}],"collection":[{"href":"https:\/\/cxopartner.co\/index.php?rest_route=\/wp\/v2\/pages"}],"about":[{"href":"https:\/\/cxopartner.co\/index.php?rest_route=\/wp\/v2\/types\/page"}],"author":[{"embeddable":true,"href":"https:\/\/cxopartner.co\/index.php?rest_route=\/wp\/v2\/users\/1"}],"replies":[{"embeddable":true,"href":"https:\/\/cxopartner.co\/index.php?rest_route=%2Fwp%2Fv2%2Fcomments&post=163"}],"version-history":[{"count":4,"href":"https:\/\/cxopartner.co\/index.php?rest_route=\/wp\/v2\/pages\/163\/revisions"}],"predecessor-version":[{"id":167,"href":"https:\/\/cxopartner.co\/index.php?rest_route=\/wp\/v2\/pages\/163\/revisions\/167"}],"wp:attachment":[{"href":"https:\/\/cxopartner.co\/index.php?rest_route=%2Fwp%2Fv2%2Fmedia&parent=163"}],"curies":[{"name":"wp","href":"https:\/\/api.w.org\/{rel}","templated":true}]}}