{"id":168,"date":"2025-12-17T10:54:25","date_gmt":"2025-12-17T15:54:25","guid":{"rendered":"https:\/\/cxopartner.co\/?page_id=168"},"modified":"2025-12-17T10:55:39","modified_gmt":"2025-12-17T15:55:39","slug":"ccxo","status":"publish","type":"page","link":"https:\/\/cxopartner.co\/?page_id=168","title":{"rendered":"CCXO"},"content":{"rendered":"\t\t<div data-elementor-type=\"wp-page\" data-elementor-id=\"168\" class=\"elementor elementor-168\">\n\t\t\t\t<div class=\"elementor-element elementor-element-1f06ae7 e-flex e-con-boxed e-con e-parent\" data-id=\"1f06ae7\" data-element_type=\"container\" data-e-type=\"container\">\n\t\t\t\t\t<div class=\"e-con-inner\">\n\t\t\t\t<div class=\"elementor-element elementor-element-6acac4a elementor-widget elementor-widget-text-editor\" data-id=\"6acac4a\" data-element_type=\"widget\" data-e-type=\"widget\" data-widget_type=\"text-editor.default\">\n\t\t\t\t\t\t\t\t\t<div id=\"features-10\" class=\"features-16-card-bordered content-section content-section-spacing\" style=\"background-color: #ffffff;\" data-label=\"Features\" data-id=\"features-16-card-bordered\" data-export-id=\"features-16-card-bordered\" data-category=\"features\">\n<div class=\"gridContainer\">\n<div class=\"row text-center\">\n<div class=\"section-title-col\" data-type=\"column\">\n<h2 class=\"\">CCXO\u2026<\/h2>\n<p class=\"lead\">El CcxO a demanda se enfoca en que la experiencia del cliente sea un diferenciador estrat\u00e9gico del negocio, no solo un \u00e1rea operativa. Desde CXO Partner ofrecemos direcci\u00f3n de experiencia integral para PyMEs que no cuentan con un l\u00edder de experiencia al cliente de alto nivel, pero requieren estructurar, modernizar y alinear la relaci\u00f3n con sus clientes a la estrategia empresarial.<\/p>\n<\/div>\n<\/div>\n<\/div>\n<\/div>\t\t\t\t\t\t\t\t<\/div>\n\t\t\t\t\t<\/div>\n\t\t\t\t<\/div>\n\t\t\t\t<\/div>\n\t\t","protected":false},"excerpt":{"rendered":"<p>CCXO\u2026 El CcxO a demanda se enfoca en que la experiencia del cliente sea un diferenciador estrat\u00e9gico del negocio, no solo un \u00e1rea operativa. Desde CXO Partner ofrecemos direcci\u00f3n de experiencia integral para PyMEs que no cuentan con un l\u00edder de experiencia al cliente de alto nivel, pero requieren estructurar, modernizar y alinear la relaci\u00f3n&hellip; <br \/> <a class=\"read-more\" href=\"https:\/\/cxopartner.co\/?page_id=168\">Leer m\u00e1s<\/a><\/p>\n","protected":false},"author":1,"featured_media":0,"parent":0,"menu_order":0,"comment_status":"closed","ping_status":"closed","template":"","meta":{"footnotes":""},"class_list":["post-168","page","type-page","status-publish","hentry"],"_links":{"self":[{"href":"https:\/\/cxopartner.co\/index.php?rest_route=\/wp\/v2\/pages\/168","targetHints":{"allow":["GET"]}}],"collection":[{"href":"https:\/\/cxopartner.co\/index.php?rest_route=\/wp\/v2\/pages"}],"about":[{"href":"https:\/\/cxopartner.co\/index.php?rest_route=\/wp\/v2\/types\/page"}],"author":[{"embeddable":true,"href":"https:\/\/cxopartner.co\/index.php?rest_route=\/wp\/v2\/users\/1"}],"replies":[{"embeddable":true,"href":"https:\/\/cxopartner.co\/index.php?rest_route=%2Fwp%2Fv2%2Fcomments&post=168"}],"version-history":[{"count":4,"href":"https:\/\/cxopartner.co\/index.php?rest_route=\/wp\/v2\/pages\/168\/revisions"}],"predecessor-version":[{"id":172,"href":"https:\/\/cxopartner.co\/index.php?rest_route=\/wp\/v2\/pages\/168\/revisions\/172"}],"wp:attachment":[{"href":"https:\/\/cxopartner.co\/index.php?rest_route=%2Fwp%2Fv2%2Fmedia&parent=168"}],"curies":[{"name":"wp","href":"https:\/\/api.w.org\/{rel}","templated":true}]}}